{"id":471,"date":"2022-03-18T13:01:03","date_gmt":"2022-03-18T19:01:03","guid":{"rendered":"https:\/\/camara-emisores.com\/01\/?page_id=471"},"modified":"2026-03-19T07:28:11","modified_gmt":"2026-03-19T13:28:11","slug":"calendario-de-eventos","status":"publish","type":"page","link":"https:\/\/camara-emisores.com\/01\/calendario-de-eventos\/","title":{"rendered":"Calendario de Eventos"},"content":{"rendered":"\t\t<div data-elementor-type=\"wp-page\" data-elementor-id=\"471\" class=\"elementor elementor-471\">\n\t\t\t\t\t\t<section class=\"elementor-section elementor-top-section elementor-element elementor-element-a9e07b7 elementor-section-boxed elementor-section-height-default elementor-section-height-default\" data-id=\"a9e07b7\" data-element_type=\"section\" data-settings=\"{&quot;shape_divider_bottom&quot;:&quot;opacity-fan&quot;}\">\n\t\t\t\t\t<div class=\"elementor-shape elementor-shape-bottom\" aria-hidden=\"true\" data-negative=\"false\">\n\t\t\t<svg xmlns=\"http:\/\/www.w3.org\/2000\/svg\" viewBox=\"0 0 283.5 19.6\" preserveAspectRatio=\"none\">\n\t<path class=\"elementor-shape-fill\" style=\"opacity:0.33\" d=\"M0 0L0 18.8 141.8 4.1 283.5 18.8 283.5 0z\"\/>\n\t<path class=\"elementor-shape-fill\" style=\"opacity:0.33\" d=\"M0 0L0 12.6 141.8 4 283.5 12.6 283.5 0z\"\/>\n\t<path class=\"elementor-shape-fill\" style=\"opacity:0.33\" d=\"M0 0L0 6.4 141.8 4 283.5 6.4 283.5 0z\"\/>\n\t<path class=\"elementor-shape-fill\" d=\"M0 0L0 1.2 141.8 4 283.5 1.2 283.5 0z\"\/>\n<\/svg>\t\t<\/div>\n\t\t\t\t\t<div class=\"elementor-container elementor-column-gap-default\">\n\t\t\t\t\t<div class=\"elementor-column elementor-col-100 elementor-top-column elementor-element elementor-element-03b8a51\" data-id=\"03b8a51\" data-element_type=\"column\">\n\t\t\t<div class=\"elementor-widget-wrap elementor-element-populated\">\n\t\t\t\t\t\t<div class=\"elementor-element elementor-element-feacb64 elementor-widget__width-initial elementor-widget elementor-widget-heading\" data-id=\"feacb64\" data-element_type=\"widget\" data-widget_type=\"heading.default\">\n\t\t\t\t<div class=\"elementor-widget-container\">\n\t\t\t\t\t<h2 class=\"elementor-heading-title elementor-size-default\">CALENDARIO DE EVENTOS<\/h2>\t\t\t\t<\/div>\n\t\t\t\t<\/div>\n\t\t\t\t<div class=\"elementor-element elementor-element-4191908 elementor-widget__width-initial elementor-widget elementor-widget-accordion\" data-id=\"4191908\" data-element_type=\"widget\" data-widget_type=\"accordion.default\">\n\t\t\t\t<div class=\"elementor-widget-container\">\n\t\t\t\t\t\t\t<div class=\"elementor-accordion\">\n\t\t\t\t\t\t\t<div class=\"elementor-accordion-item\">\n\t\t\t\t\t<div id=\"elementor-tab-title-6871\" class=\"elementor-tab-title\" data-tab=\"1\" role=\"button\" aria-controls=\"elementor-tab-content-6871\" aria-expanded=\"false\">\n\t\t\t\t\t\t\t\t\t\t\t\t\t<span class=\"elementor-accordion-icon elementor-accordion-icon-left\" aria-hidden=\"true\">\n\t\t\t\t\t\t\t\t\t\t\t\t\t\t\t<span class=\"elementor-accordion-icon-closed\"><i class=\"fas fa-caret-square-down\"><\/i><\/span>\n\t\t\t\t\t\t\t\t<span class=\"elementor-accordion-icon-opened\"><i class=\"fas fa-minus-circle\"><\/i><\/span>\n\t\t\t\t\t\t\t\t\t\t\t\t\t\t<\/span>\n\t\t\t\t\t\t\t\t\t\t\t\t<a class=\"elementor-accordion-title\" tabindex=\"0\">Seminario de Implementaci\u00f3n RegTech y SupTech (Nivel Intermedio). <\/a>\n\t\t\t\t\t<\/div>\n\t\t\t\t\t<div id=\"elementor-tab-content-6871\" class=\"elementor-tab-content elementor-clearfix\" data-tab=\"1\" role=\"region\" aria-labelledby=\"elementor-tab-title-6871\"><p><img fetchpriority=\"high\" decoding=\"async\" class=\"alignnone size-full wp-image-1409\" src=\"https:\/\/camara-emisores.com\/01\/wp-content\/uploads\/2026\/01\/3-1.jpeg\" alt=\"\" width=\"1215\" height=\"1519\" srcset=\"https:\/\/camara-emisores.com\/01\/wp-content\/uploads\/2026\/01\/3-1.jpeg 1215w, https:\/\/camara-emisores.com\/01\/wp-content\/uploads\/2026\/01\/3-1-240x300.jpeg 240w, https:\/\/camara-emisores.com\/01\/wp-content\/uploads\/2026\/01\/3-1-819x1024.jpeg 819w, https:\/\/camara-emisores.com\/01\/wp-content\/uploads\/2026\/01\/3-1-768x960.jpeg 768w, https:\/\/camara-emisores.com\/01\/wp-content\/uploads\/2026\/01\/3-1-1200x1500.jpeg 1200w\" sizes=\"(max-width: 1215px) 100vw, 1215px\" \/><\/p><\/div>\n\t\t\t\t<\/div>\n\t\t\t\t\t\t\t<div class=\"elementor-accordion-item\">\n\t\t\t\t\t<div id=\"elementor-tab-title-6872\" class=\"elementor-tab-title\" data-tab=\"2\" role=\"button\" aria-controls=\"elementor-tab-content-6872\" aria-expanded=\"false\">\n\t\t\t\t\t\t\t\t\t\t\t\t\t<span class=\"elementor-accordion-icon elementor-accordion-icon-left\" aria-hidden=\"true\">\n\t\t\t\t\t\t\t\t\t\t\t\t\t\t\t<span class=\"elementor-accordion-icon-closed\"><i class=\"fas fa-caret-square-down\"><\/i><\/span>\n\t\t\t\t\t\t\t\t<span class=\"elementor-accordion-icon-opened\"><i class=\"fas fa-minus-circle\"><\/i><\/span>\n\t\t\t\t\t\t\t\t\t\t\t\t\t\t<\/span>\n\t\t\t\t\t\t\t\t\t\t\t\t<a class=\"elementor-accordion-title\" tabindex=\"0\">Cronograma 2T 2026<\/a>\n\t\t\t\t\t<\/div>\n\t\t\t\t\t<div id=\"elementor-tab-content-6872\" class=\"elementor-tab-content elementor-clearfix\" data-tab=\"2\" role=\"region\" aria-labelledby=\"elementor-tab-title-6872\"><p><a href=\"https:\/\/camara-emisores.com\/01\/formulario-inscripcion\/\"><img decoding=\"async\" class=\"alignnone size-full wp-image-1511\" src=\"https:\/\/camara-emisores.com\/01\/wp-content\/uploads\/2026\/03\/WhatsApp-Image-2026-03-10-at-14.10.54.jpeg\" alt=\"\" width=\"1024\" height=\"1280\" srcset=\"https:\/\/camara-emisores.com\/01\/wp-content\/uploads\/2026\/03\/WhatsApp-Image-2026-03-10-at-14.10.54.jpeg 1024w, https:\/\/camara-emisores.com\/01\/wp-content\/uploads\/2026\/03\/WhatsApp-Image-2026-03-10-at-14.10.54-240x300.jpeg 240w, https:\/\/camara-emisores.com\/01\/wp-content\/uploads\/2026\/03\/WhatsApp-Image-2026-03-10-at-14.10.54-819x1024.jpeg 819w, https:\/\/camara-emisores.com\/01\/wp-content\/uploads\/2026\/03\/WhatsApp-Image-2026-03-10-at-14.10.54-768x960.jpeg 768w\" sizes=\"(max-width: 1024px) 100vw, 1024px\" \/> <img decoding=\"async\" class=\"alignnone size-full wp-image-1512\" src=\"https:\/\/camara-emisores.com\/01\/wp-content\/uploads\/2026\/03\/WhatsApp-Image-2026-03-10-at-14.10.55-1.jpeg\" alt=\"\" width=\"1024\" height=\"1280\" srcset=\"https:\/\/camara-emisores.com\/01\/wp-content\/uploads\/2026\/03\/WhatsApp-Image-2026-03-10-at-14.10.55-1.jpeg 1024w, https:\/\/camara-emisores.com\/01\/wp-content\/uploads\/2026\/03\/WhatsApp-Image-2026-03-10-at-14.10.55-1-240x300.jpeg 240w, https:\/\/camara-emisores.com\/01\/wp-content\/uploads\/2026\/03\/WhatsApp-Image-2026-03-10-at-14.10.55-1-819x1024.jpeg 819w, https:\/\/camara-emisores.com\/01\/wp-content\/uploads\/2026\/03\/WhatsApp-Image-2026-03-10-at-14.10.55-1-768x960.jpeg 768w\" sizes=\"(max-width: 1024px) 100vw, 1024px\" \/> <img loading=\"lazy\" decoding=\"async\" class=\"alignnone size-full wp-image-1513\" src=\"https:\/\/camara-emisores.com\/01\/wp-content\/uploads\/2026\/03\/WhatsApp-Image-2026-03-10-at-14.10.55.jpeg\" alt=\"\" width=\"1024\" height=\"1280\" srcset=\"https:\/\/camara-emisores.com\/01\/wp-content\/uploads\/2026\/03\/WhatsApp-Image-2026-03-10-at-14.10.55.jpeg 1024w, https:\/\/camara-emisores.com\/01\/wp-content\/uploads\/2026\/03\/WhatsApp-Image-2026-03-10-at-14.10.55-240x300.jpeg 240w, https:\/\/camara-emisores.com\/01\/wp-content\/uploads\/2026\/03\/WhatsApp-Image-2026-03-10-at-14.10.55-819x1024.jpeg 819w, https:\/\/camara-emisores.com\/01\/wp-content\/uploads\/2026\/03\/WhatsApp-Image-2026-03-10-at-14.10.55-768x960.jpeg 768w\" sizes=\"(max-width: 1024px) 100vw, 1024px\" \/>https:\/\/camara-emisores.com\/01\/formulario-inscripcion\/<\/a><\/p><\/div>\n\t\t\t\t<\/div>\n\t\t\t\t\t\t\t<div class=\"elementor-accordion-item\">\n\t\t\t\t\t<div id=\"elementor-tab-title-6873\" class=\"elementor-tab-title\" data-tab=\"3\" role=\"button\" aria-controls=\"elementor-tab-content-6873\" aria-expanded=\"false\">\n\t\t\t\t\t\t\t\t\t\t\t\t\t<span class=\"elementor-accordion-icon elementor-accordion-icon-left\" aria-hidden=\"true\">\n\t\t\t\t\t\t\t\t\t\t\t\t\t\t\t<span class=\"elementor-accordion-icon-closed\"><i class=\"fas fa-caret-square-down\"><\/i><\/span>\n\t\t\t\t\t\t\t\t<span class=\"elementor-accordion-icon-opened\"><i class=\"fas fa-minus-circle\"><\/i><\/span>\n\t\t\t\t\t\t\t\t\t\t\t\t\t\t<\/span>\n\t\t\t\t\t\t\t\t\t\t\t\t<a class=\"elementor-accordion-title\" tabindex=\"0\">Webinar Negocios con Criptoactivos para Finanzas Regenerativas (REFI)<\/a>\n\t\t\t\t\t<\/div>\n\t\t\t\t\t<div id=\"elementor-tab-content-6873\" class=\"elementor-tab-content elementor-clearfix\" data-tab=\"3\" role=\"region\" aria-labelledby=\"elementor-tab-title-6873\"><p><a href=\"https:\/\/camara-emisores.com\/01\/formulario-inscripcion\/\"><img loading=\"lazy\" decoding=\"async\" class=\"alignnone size-full wp-image-1500\" src=\"https:\/\/camara-emisores.com\/01\/wp-content\/uploads\/2026\/03\/641417931_1487079383424451_8407414733576832871_n.jpg\" alt=\"\" width=\"1024\" height=\"1280\" srcset=\"https:\/\/camara-emisores.com\/01\/wp-content\/uploads\/2026\/03\/641417931_1487079383424451_8407414733576832871_n.jpg 1024w, https:\/\/camara-emisores.com\/01\/wp-content\/uploads\/2026\/03\/641417931_1487079383424451_8407414733576832871_n-240x300.jpg 240w, https:\/\/camara-emisores.com\/01\/wp-content\/uploads\/2026\/03\/641417931_1487079383424451_8407414733576832871_n-819x1024.jpg 819w, https:\/\/camara-emisores.com\/01\/wp-content\/uploads\/2026\/03\/641417931_1487079383424451_8407414733576832871_n-768x960.jpg 768w\" sizes=\"(max-width: 1024px) 100vw, 1024px\" \/><\/a><\/p><\/div>\n\t\t\t\t<\/div>\n\t\t\t\t\t\t\t<div class=\"elementor-accordion-item\">\n\t\t\t\t\t<div id=\"elementor-tab-title-6874\" class=\"elementor-tab-title\" data-tab=\"4\" role=\"button\" aria-controls=\"elementor-tab-content-6874\" aria-expanded=\"false\">\n\t\t\t\t\t\t\t\t\t\t\t\t\t<span class=\"elementor-accordion-icon elementor-accordion-icon-left\" aria-hidden=\"true\">\n\t\t\t\t\t\t\t\t\t\t\t\t\t\t\t<span class=\"elementor-accordion-icon-closed\"><i class=\"fas fa-caret-square-down\"><\/i><\/span>\n\t\t\t\t\t\t\t\t<span class=\"elementor-accordion-icon-opened\"><i class=\"fas fa-minus-circle\"><\/i><\/span>\n\t\t\t\t\t\t\t\t\t\t\t\t\t\t<\/span>\n\t\t\t\t\t\t\t\t\t\t\t\t<a class=\"elementor-accordion-title\" tabindex=\"0\">Taller. Auditor\u00eda Interna 360\u00b0 con \u00e9nfasis en el sector burs\u00e1til costarricense.<\/a>\n\t\t\t\t\t<\/div>\n\t\t\t\t\t<div id=\"elementor-tab-content-6874\" class=\"elementor-tab-content elementor-clearfix\" data-tab=\"4\" role=\"region\" aria-labelledby=\"elementor-tab-title-6874\"><p><img loading=\"lazy\" decoding=\"async\" class=\"alignnone wp-image-1526 size-full\" src=\"https:\/\/camara-emisores.com\/01\/wp-content\/uploads\/2026\/03\/Invitacion-360-1.png\" alt=\"\" width=\"1667\" height=\"2500\" srcset=\"https:\/\/camara-emisores.com\/01\/wp-content\/uploads\/2026\/03\/Invitacion-360-1.png 1667w, https:\/\/camara-emisores.com\/01\/wp-content\/uploads\/2026\/03\/Invitacion-360-1-200x300.png 200w, https:\/\/camara-emisores.com\/01\/wp-content\/uploads\/2026\/03\/Invitacion-360-1-683x1024.png 683w, https:\/\/camara-emisores.com\/01\/wp-content\/uploads\/2026\/03\/Invitacion-360-1-768x1152.png 768w, https:\/\/camara-emisores.com\/01\/wp-content\/uploads\/2026\/03\/Invitacion-360-1-1024x1536.png 1024w, https:\/\/camara-emisores.com\/01\/wp-content\/uploads\/2026\/03\/Invitacion-360-1-1366x2048.png 1366w, https:\/\/camara-emisores.com\/01\/wp-content\/uploads\/2026\/03\/Invitacion-360-1-1200x1800.png 1200w\" sizes=\"(max-width: 1667px) 100vw, 1667px\" \/><\/p><\/div>\n\t\t\t\t<\/div>\n\t\t\t\t\t\t\t\t<\/div>\n\t\t\t\t\t\t<\/div>\n\t\t\t\t<\/div>\n\t\t\t\t\t<\/div>\n\t\t<\/div>\n\t\t\t\t\t<\/div>\n\t\t<\/section>\n\t\t\t\t<section class=\"elementor-section elementor-top-section elementor-element elementor-element-097952e elementor-section-boxed elementor-section-height-default elementor-section-height-default\" data-id=\"097952e\" data-element_type=\"section\">\n\t\t\t\t\t\t<div class=\"elementor-container elementor-column-gap-default\">\n\t\t\t\t\t<div class=\"elementor-column elementor-col-33 elementor-top-column elementor-element elementor-element-26ef185\" data-id=\"26ef185\" data-element_type=\"column\">\n\t\t\t<div class=\"elementor-widget-wrap\">\n\t\t\t\t\t\t\t<\/div>\n\t\t<\/div>\n\t\t\t\t<div class=\"elementor-column elementor-col-33 elementor-top-column elementor-element elementor-element-b057ed7\" data-id=\"b057ed7\" data-element_type=\"column\">\n\t\t\t<div class=\"elementor-widget-wrap elementor-element-populated\">\n\t\t\t\t\t\t<div class=\"elementor-element elementor-element-4b9e3f7 elementor-button-info elementor-align-center elementor-widget elementor-widget-button\" data-id=\"4b9e3f7\" data-element_type=\"widget\" data-widget_type=\"button.default\">\n\t\t\t\t<div class=\"elementor-widget-container\">\n\t\t\t\t\t\t\t\t\t<div class=\"elementor-button-wrapper\">\n\t\t\t\t\t<a class=\"elementor-button elementor-button-link elementor-size-sm\" href=\"https:\/\/camara-emisores.com\/01\/formulario-inscripcion\/\">\n\t\t\t\t\t\t<span class=\"elementor-button-content-wrapper\">\n\t\t\t\t\t\t<span class=\"elementor-button-icon\">\n\t\t\t\t<i aria-hidden=\"true\" class=\"far fa-arrow-alt-circle-right\"><\/i>\t\t\t<\/span>\n\t\t\t\t\t\t\t\t\t<span class=\"elementor-button-text\">Formulario de Inscripci\u00f3n<\/span>\n\t\t\t\t\t<\/span>\n\t\t\t\t\t<\/a>\n\t\t\t\t<\/div>\n\t\t\t\t\t\t\t\t<\/div>\n\t\t\t\t<\/div>\n\t\t\t\t\t<\/div>\n\t\t<\/div>\n\t\t\t\t<div class=\"elementor-column elementor-col-33 elementor-top-column elementor-element elementor-element-441d25a\" data-id=\"441d25a\" data-element_type=\"column\">\n\t\t\t<div class=\"elementor-widget-wrap\">\n\t\t\t\t\t\t\t<\/div>\n\t\t<\/div>\n\t\t\t\t\t<\/div>\n\t\t<\/section>\n\t\t\t\t<\/div>\n\t\t","protected":false},"excerpt":{"rendered":"<p>CALENDARIO DE EVENTOS Seminario de Implementaci\u00f3n RegTech y SupTech (Nivel Intermedio). Cronograma 2T 2026 https:\/\/camara-emisores.com\/01\/formulario-inscripcion\/ Webinar Negocios con Criptoactivos para Finanzas Regenerativas (REFI) Taller. Auditor\u00eda Interna 360\u00b0 con \u00e9nfasis en el sector burs\u00e1til costarricense. Formulario de Inscripci\u00f3n<\/p>\n","protected":false},"author":1,"featured_media":1388,"parent":0,"menu_order":0,"comment_status":"closed","ping_status":"closed","template":"elementor_header_footer","meta":{"footnotes":""},"class_list":["post-471","page","type-page","status-publish","has-post-thumbnail","hentry"],"_links":{"self":[{"href":"https:\/\/camara-emisores.com\/01\/wp-json\/wp\/v2\/pages\/471","targetHints":{"allow":["GET"]}}],"collection":[{"href":"https:\/\/camara-emisores.com\/01\/wp-json\/wp\/v2\/pages"}],"about":[{"href":"https:\/\/camara-emisores.com\/01\/wp-json\/wp\/v2\/types\/page"}],"author":[{"embeddable":true,"href":"https:\/\/camara-emisores.com\/01\/wp-json\/wp\/v2\/users\/1"}],"replies":[{"embeddable":true,"href":"https:\/\/camara-emisores.com\/01\/wp-json\/wp\/v2\/comments?post=471"}],"version-history":[{"count":412,"href":"https:\/\/camara-emisores.com\/01\/wp-json\/wp\/v2\/pages\/471\/revisions"}],"predecessor-version":[{"id":1529,"href":"https:\/\/camara-emisores.com\/01\/wp-json\/wp\/v2\/pages\/471\/revisions\/1529"}],"wp:featuredmedia":[{"embeddable":true,"href":"https:\/\/camara-emisores.com\/01\/wp-json\/wp\/v2\/media\/1388"}],"wp:attachment":[{"href":"https:\/\/camara-emisores.com\/01\/wp-json\/wp\/v2\/media?parent=471"}],"curies":[{"name":"wp","href":"https:\/\/api.w.org\/{rel}","templated":true}]}}