{"id":305,"date":"2022-03-09T14:41:40","date_gmt":"2022-03-09T20:41:40","guid":{"rendered":"https:\/\/camara-emisores.com\/01\/?page_id=305"},"modified":"2026-01-22T12:00:53","modified_gmt":"2026-01-22T18:00:53","slug":"modelo-de-costos","status":"publish","type":"page","link":"https:\/\/camara-emisores.com\/01\/modelo-de-costos\/","title":{"rendered":"Modelo de Costos"},"content":{"rendered":"\t\t<div data-elementor-type=\"wp-page\" data-elementor-id=\"305\" class=\"elementor elementor-305\">\n\t\t\t\t\t\t<section class=\"elementor-section elementor-top-section elementor-element elementor-element-8e72ef0 elementor-section-height-min-height elementor-section-boxed elementor-section-height-default elementor-section-items-middle\" data-id=\"8e72ef0\" data-element_type=\"section\" data-settings=\"{&quot;background_background&quot;:&quot;classic&quot;}\">\n\t\t\t\t\t\t<div class=\"elementor-container elementor-column-gap-default\">\n\t\t\t\t\t<div class=\"elementor-column elementor-col-100 elementor-top-column elementor-element elementor-element-bf29e53\" data-id=\"bf29e53\" data-element_type=\"column\">\n\t\t\t<div class=\"elementor-widget-wrap elementor-element-populated\">\n\t\t\t\t\t\t<div class=\"elementor-element elementor-element-71384a8 elementor-widget elementor-widget-heading\" data-id=\"71384a8\" data-element_type=\"widget\" data-widget_type=\"heading.default\">\n\t\t\t\t<div class=\"elementor-widget-container\">\n\t\t\t\t\t<h2 class=\"elementor-heading-title elementor-size-default\">Modelo de Costos<\/h2>\t\t\t\t<\/div>\n\t\t\t\t<\/div>\n\t\t\t\t<div class=\"elementor-element elementor-element-e7844ef elementor-widget__width-initial elementor-widget elementor-widget-image\" data-id=\"e7844ef\" data-element_type=\"widget\" data-widget_type=\"image.default\">\n\t\t\t\t<div class=\"elementor-widget-container\">\n\t\t\t\t\t\t\t\t\t\t\t\t\t\t\t<img fetchpriority=\"high\" decoding=\"async\" width=\"580\" height=\"114\" src=\"https:\/\/camara-emisores.com\/01\/wp-content\/uploads\/2025\/03\/header-valorizador-de-costos02.jpg\" class=\"attachment-large size-large wp-image-1091\" alt=\"\" srcset=\"https:\/\/camara-emisores.com\/01\/wp-content\/uploads\/2025\/03\/header-valorizador-de-costos02.jpg 735w, https:\/\/camara-emisores.com\/01\/wp-content\/uploads\/2025\/03\/header-valorizador-de-costos02-300x59.jpg 300w\" sizes=\"(max-width: 580px) 100vw, 580px\" \/>\t\t\t\t\t\t\t\t\t\t\t\t\t\t\t<\/div>\n\t\t\t\t<\/div>\n\t\t\t\t<div class=\"elementor-element elementor-element-8f12a51 elementor-widget elementor-widget-text-editor\" data-id=\"8f12a51\" data-element_type=\"widget\" data-widget_type=\"text-editor.default\">\n\t\t\t\t<div class=\"elementor-widget-container\">\n\t\t\t\t\t\t\t\t\t<div class=\"NTPm6 idxFD HynGd WWy1F\">\n<div class=\"sD_4q\">\n<div class=\"E6cmw\">\n<div class=\"jmmB7 pYavq\">\n<div class=\"Ip16l\">\n<div class=\"t6myu\">\n<div class=\"gJ7Jn\">\n<div class=\"adPpR mJflQ allowTextSelection\" role=\"heading\" aria-level=\"2\">\n<div class=\"XxeQL ztkhs\">\n<p class=\"p1\" style=\"text-align: left;\">La captaci\u00f3n de recursos mediante oferta p\u00fablica de valores es una alternativa atractiva de financiamiento para empresas y organizaciones de diversos sectores de la econom\u00eda. Adem\u00e1s, puede convertirse en una fuente complementaria frente a otros mecanismos de financiamiento existentes.<\/p>\n<p class=\"p1\" style=\"text-align: left;\">El mercado de valores permite alinear la captaci\u00f3n de recursos con las caracter\u00edsticas del proyecto a financiar:<\/p>\n<ul style=\"text-align: left;\">\n<li class=\"p1\">Plazos y condiciones acordes a la necesidad de la empresa.<\/li>\n<li class=\"p1\">Flujos de pago adecuados a la estructura financiera del emisor.<\/li>\n<li class=\"p1\">Tipo de inversionista objetivo, incluyendo emisiones tem\u00e1ticas y sostenibles.<\/li>\n<\/ul>\n<p class=\"p1\" style=\"text-align: left;\">A ello se suma el prestigio institucional que otorga ser emisor de valores de oferta p\u00fablica, pues refleja el compromiso con la transparencia y las buenas pr\u00e1cticas de gobernanza, factores altamente valorados por inversionistas partes interesadas.<\/p>\n<p class=\"p1\" style=\"text-align: left;\"><span style=\"color: #333399;\"><strong>Una herramienta para la toma de decisiones<\/strong><\/span><\/p>\n<p class=\"p1\" style=\"text-align: left;\">Para facilitar el acceso a informaci\u00f3n clave en el proceso de emisi\u00f3n, la C\u00e1mara Costarricense de Emisores de T\u00edtulos Valores (CCETV), en alianza con la Bolsa Nacional de Valores de Costa Rica (BNV), desarroll\u00f3 una herramienta pr\u00e1ctica y de acceso libre que permite estimar el costo financiero de los recursos a captar.<\/p>\n<p class=\"p1\" style=\"text-align: left;\">Esta herramienta est\u00e1 disponible para potenciales emisores y asesores <em>(estructuradores y puestos de bolsa)<\/em> a trav\u00e9s de los sitios web oficiales:<\/p>\n<p class=\"p1\" style=\"text-align: left;\"><span style=\"color: #333399;\">\ud83c\udf10 <a style=\"color: #333399;\" href=\"http:\/\/www.bolsacr.com\">www.bolsacr.com<\/a><\/span><\/p>\n<p class=\"p1\" style=\"text-align: left;\"><span style=\"color: #333399;\">\ud83c\udf10 <a style=\"color: #333399;\" href=\"http:\/\/www.camara-emisores.com\">www.camara-emisores.com<\/a><\/span><\/p>\n<p class=\"p1\" style=\"text-align: left;\">Este esfuerzo conjunto refuerza el compromiso de ambas organizaciones con el fortalecimiento y desarrollo del mercado burs\u00e1til costarricense.<\/p>\n<\/div>\n<\/div>\n<\/div>\n<\/div>\n<\/div>\n<\/div>\n<\/div>\n<\/div>\n<\/div>\n<ul>\n<li style=\"text-align: left;\"><span style=\"color: #333399;\"><a style=\"color: #333399;\" href=\"https:\/\/mabdigital.bolsacr.com\/ManualValorizador.pdf\" target=\"_blank\" rel=\"noopener\">Manual<\/a><\/span><\/li>\n<li style=\"text-align: left;\"><span style=\"color: #333399;\"><a style=\"color: #333399;\" href=\"https:\/\/mabdigital.bolsacr.com\/mercado\/calculadora-emision\/\" target=\"_blank\" rel=\"noopener\">Ingresar al modelo de costos<\/a><\/span><\/li>\n<\/ul>\t\t\t\t\t\t\t\t<\/div>\n\t\t\t\t<\/div>\n\t\t\t\t\t<\/div>\n\t\t<\/div>\n\t\t\t\t\t<\/div>\n\t\t<\/section>\n\t\t\t\t<section class=\"elementor-section elementor-top-section elementor-element elementor-element-bdfea4a elementor-section-boxed elementor-section-height-default elementor-section-height-default\" data-id=\"bdfea4a\" data-element_type=\"section\">\n\t\t\t\t\t\t<div class=\"elementor-container elementor-column-gap-default\">\n\t\t\t\t\t<div class=\"elementor-column elementor-col-16 elementor-top-column elementor-element elementor-element-1caa76e\" data-id=\"1caa76e\" data-element_type=\"column\">\n\t\t\t<div class=\"elementor-widget-wrap\">\n\t\t\t\t\t\t\t<\/div>\n\t\t<\/div>\n\t\t\t\t<div class=\"elementor-column elementor-col-16 elementor-top-column elementor-element elementor-element-1d148f7\" data-id=\"1d148f7\" data-element_type=\"column\">\n\t\t\t<div class=\"elementor-widget-wrap elementor-element-populated\">\n\t\t\t\t\t\t<div class=\"elementor-element elementor-element-6852829 elementor-view-stacked elementor-shape-circle elementor-widget elementor-widget-icon\" data-id=\"6852829\" data-element_type=\"widget\" data-widget_type=\"icon.default\">\n\t\t\t\t<div class=\"elementor-widget-container\">\n\t\t\t\t\t\t\t<div class=\"elementor-icon-wrapper\">\n\t\t\t<a class=\"elementor-icon\" href=\"https:\/\/www.facebook.com\/CamaraDeEmisoresDeTitulosValores\">\n\t\t\t<i aria-hidden=\"true\" class=\"fab fa-facebook\"><\/i>\t\t\t<\/a>\n\t\t<\/div>\n\t\t\t\t\t\t<\/div>\n\t\t\t\t<\/div>\n\t\t\t\t\t<\/div>\n\t\t<\/div>\n\t\t\t\t<div class=\"elementor-column elementor-col-16 elementor-top-column elementor-element elementor-element-7277f75\" data-id=\"7277f75\" data-element_type=\"column\">\n\t\t\t<div class=\"elementor-widget-wrap elementor-element-populated\">\n\t\t\t\t\t\t<div class=\"elementor-element elementor-element-f38fac1 elementor-view-stacked elementor-shape-circle elementor-widget elementor-widget-icon\" data-id=\"f38fac1\" data-element_type=\"widget\" data-widget_type=\"icon.default\">\n\t\t\t\t<div class=\"elementor-widget-container\">\n\t\t\t\t\t\t\t<div class=\"elementor-icon-wrapper\">\n\t\t\t<a class=\"elementor-icon\" href=\"https:\/\/www.instagram.com\/ccetv_cr\">\n\t\t\t<i aria-hidden=\"true\" class=\"fab fa-instagram\"><\/i>\t\t\t<\/a>\n\t\t<\/div>\n\t\t\t\t\t\t<\/div>\n\t\t\t\t<\/div>\n\t\t\t\t\t<\/div>\n\t\t<\/div>\n\t\t\t\t<div class=\"elementor-column elementor-col-16 elementor-top-column elementor-element elementor-element-4b09dc5\" data-id=\"4b09dc5\" data-element_type=\"column\">\n\t\t\t<div class=\"elementor-widget-wrap elementor-element-populated\">\n\t\t\t\t\t\t<div class=\"elementor-element elementor-element-ae6ef65 elementor-view-stacked elementor-shape-circle elementor-widget elementor-widget-icon\" data-id=\"ae6ef65\" data-element_type=\"widget\" data-widget_type=\"icon.default\">\n\t\t\t\t<div class=\"elementor-widget-container\">\n\t\t\t\t\t\t\t<div class=\"elementor-icon-wrapper\">\n\t\t\t<a class=\"elementor-icon\" href=\"http:\/\/www.linkedin.com\/in\/ccetvcr\">\n\t\t\t<i aria-hidden=\"true\" class=\"fab fa-linkedin\"><\/i>\t\t\t<\/a>\n\t\t<\/div>\n\t\t\t\t\t\t<\/div>\n\t\t\t\t<\/div>\n\t\t\t\t\t<\/div>\n\t\t<\/div>\n\t\t\t\t<div class=\"elementor-column elementor-col-16 elementor-top-column elementor-element elementor-element-f899dc5\" data-id=\"f899dc5\" data-element_type=\"column\">\n\t\t\t<div class=\"elementor-widget-wrap elementor-element-populated\">\n\t\t\t\t\t\t<div class=\"elementor-element elementor-element-c473d30 elementor-view-framed elementor-shape-circle elementor-widget elementor-widget-icon\" data-id=\"c473d30\" data-element_type=\"widget\" data-widget_type=\"icon.default\">\n\t\t\t\t<div class=\"elementor-widget-container\">\n\t\t\t\t\t\t\t<div class=\"elementor-icon-wrapper\">\n\t\t\t<a class=\"elementor-icon\" href=\"https:\/\/wa.link\/axsztt\">\n\t\t\t<i aria-hidden=\"true\" class=\"fab fa-whatsapp\"><\/i>\t\t\t<\/a>\n\t\t<\/div>\n\t\t\t\t\t\t<\/div>\n\t\t\t\t<\/div>\n\t\t\t\t\t<\/div>\n\t\t<\/div>\n\t\t\t\t<div class=\"elementor-column elementor-col-16 elementor-top-column elementor-element elementor-element-7960bb5\" data-id=\"7960bb5\" data-element_type=\"column\">\n\t\t\t<div class=\"elementor-widget-wrap\">\n\t\t\t\t\t\t\t<\/div>\n\t\t<\/div>\n\t\t\t\t\t<\/div>\n\t\t<\/section>\n\t\t\t\t<\/div>\n\t\t","protected":false},"excerpt":{"rendered":"<p>Modelo de Costos La captaci\u00f3n de recursos mediante oferta p\u00fablica de valores es una alternativa atractiva de financiamiento para empresas y organizaciones de diversos sectores de la econom\u00eda. Adem\u00e1s, puede convertirse en una fuente complementaria frente a otros mecanismos de financiamiento existentes. El mercado de valores permite alinear la captaci\u00f3n de recursos con las caracter\u00edsticas [&hellip;]<\/p>\n","protected":false},"author":1,"featured_media":0,"parent":0,"menu_order":0,"comment_status":"closed","ping_status":"closed","template":"elementor_header_footer","meta":{"footnotes":""},"class_list":["post-305","page","type-page","status-publish","hentry"],"_links":{"self":[{"href":"https:\/\/camara-emisores.com\/01\/wp-json\/wp\/v2\/pages\/305","targetHints":{"allow":["GET"]}}],"collection":[{"href":"https:\/\/camara-emisores.com\/01\/wp-json\/wp\/v2\/pages"}],"about":[{"href":"https:\/\/camara-emisores.com\/01\/wp-json\/wp\/v2\/types\/page"}],"author":[{"embeddable":true,"href":"https:\/\/camara-emisores.com\/01\/wp-json\/wp\/v2\/users\/1"}],"replies":[{"embeddable":true,"href":"https:\/\/camara-emisores.com\/01\/wp-json\/wp\/v2\/comments?post=305"}],"version-history":[{"count":50,"href":"https:\/\/camara-emisores.com\/01\/wp-json\/wp\/v2\/pages\/305\/revisions"}],"predecessor-version":[{"id":1466,"href":"https:\/\/camara-emisores.com\/01\/wp-json\/wp\/v2\/pages\/305\/revisions\/1466"}],"wp:attachment":[{"href":"https:\/\/camara-emisores.com\/01\/wp-json\/wp\/v2\/media?parent=305"}],"curies":[{"name":"wp","href":"https:\/\/api.w.org\/{rel}","templated":true}]}}