{"id":297,"date":"2022-03-09T14:28:53","date_gmt":"2022-03-09T20:28:53","guid":{"rendered":"https:\/\/camara-emisores.com\/01\/?page_id=297"},"modified":"2026-01-22T12:04:23","modified_gmt":"2026-01-22T18:04:23","slug":"mision-y-vision","status":"publish","type":"page","link":"https:\/\/camara-emisores.com\/01\/mision-y-vision\/","title":{"rendered":"Visi\u00f3n y Misi\u00f3n"},"content":{"rendered":"\t\t<div data-elementor-type=\"wp-page\" data-elementor-id=\"297\" class=\"elementor elementor-297\">\n\t\t\t\t\t\t<section class=\"elementor-section elementor-top-section elementor-element elementor-element-3427e97 elementor-section-boxed elementor-section-height-default elementor-section-height-default\" data-id=\"3427e97\" data-element_type=\"section\" data-e-type=\"section\" data-settings=\"{&quot;background_background&quot;:&quot;classic&quot;,&quot;shape_divider_bottom&quot;:&quot;opacity-fan&quot;}\">\n\t\t\t\t\t<div class=\"elementor-shape elementor-shape-bottom\" aria-hidden=\"true\" data-negative=\"false\">\n\t\t\t<svg xmlns=\"http:\/\/www.w3.org\/2000\/svg\" viewBox=\"0 0 283.5 19.6\" preserveAspectRatio=\"none\">\n\t<path class=\"elementor-shape-fill\" style=\"opacity:0.33\" d=\"M0 0L0 18.8 141.8 4.1 283.5 18.8 283.5 0z\"\/>\n\t<path class=\"elementor-shape-fill\" style=\"opacity:0.33\" d=\"M0 0L0 12.6 141.8 4 283.5 12.6 283.5 0z\"\/>\n\t<path class=\"elementor-shape-fill\" style=\"opacity:0.33\" d=\"M0 0L0 6.4 141.8 4 283.5 6.4 283.5 0z\"\/>\n\t<path class=\"elementor-shape-fill\" d=\"M0 0L0 1.2 141.8 4 283.5 1.2 283.5 0z\"\/>\n<\/svg>\t\t<\/div>\n\t\t\t\t\t<div class=\"elementor-container elementor-column-gap-default\">\n\t\t\t\t\t<div class=\"elementor-column elementor-col-100 elementor-top-column elementor-element elementor-element-1d4bb0c\" data-id=\"1d4bb0c\" data-element_type=\"column\" data-e-type=\"column\">\n\t\t\t<div class=\"elementor-widget-wrap elementor-element-populated\">\n\t\t\t\t\t\t<div class=\"elementor-element elementor-element-84b0876 elementor-widget elementor-widget-heading\" data-id=\"84b0876\" data-element_type=\"widget\" data-e-type=\"widget\" data-widget_type=\"heading.default\">\n\t\t\t\t<div class=\"elementor-widget-container\">\n\t\t\t\t\t<h2 class=\"elementor-heading-title elementor-size-default\">Visi\u00f3n:<\/h2>\t\t\t\t<\/div>\n\t\t\t\t<\/div>\n\t\t\t\t<div class=\"elementor-element elementor-element-e1eac0f elementor-widget elementor-widget-text-editor\" data-id=\"e1eac0f\" data-element_type=\"widget\" data-e-type=\"widget\" data-widget_type=\"text-editor.default\">\n\t\t\t\t<div class=\"elementor-widget-container\">\n\t\t\t\t\t\t\t\t\t<p class=\"p1\">Ser un representante confiable y transparente de las empresas y figuras afiliadas que realizan oferta p\u00fablica de t\u00edtulos y valores en el territorio nacional, impulsando un mercado de valores s\u00f3lido, profundo y en constante desarrollo.<\/p>\t\t\t\t\t\t\t\t<\/div>\n\t\t\t\t<\/div>\n\t\t\t\t<div class=\"elementor-element elementor-element-bb0c8ad elementor-widget elementor-widget-heading\" data-id=\"bb0c8ad\" data-element_type=\"widget\" data-e-type=\"widget\" data-widget_type=\"heading.default\">\n\t\t\t\t<div class=\"elementor-widget-container\">\n\t\t\t\t\t<h2 class=\"elementor-heading-title elementor-size-default\">Misi\u00f3n:<\/h2>\t\t\t\t<\/div>\n\t\t\t\t<\/div>\n\t\t\t\t<div class=\"elementor-element elementor-element-f333223 elementor-widget elementor-widget-text-editor\" data-id=\"f333223\" data-element_type=\"widget\" data-e-type=\"widget\" data-widget_type=\"text-editor.default\">\n\t\t\t\t<div class=\"elementor-widget-container\">\n\t\t\t\t\t\t\t\t\t<ul><li class=\"p1\">Fomentar el desarrollo del mercado de valores y promover mecanismos que faciliten la colocaci\u00f3n y liquidez de los valores ofrecidos p\u00fablicamente.<\/li><li class=\"p1\">Representar a los emisores de t\u00edtulos valores ante la Superintendencia General de Valores, bolsas de valores y otras entidades p\u00fablicas o privadas, en temas de inter\u00e9s tanto particular para los asociados como general para el mercado.<\/li><li class=\"p1\">Impulsar iniciativas normativas: proyectos de ley, decretos y acuerdos que beneficien a los asociados, inversionistas y al mercado de valores en general.<\/li><li class=\"p1\">Organizar y patrocinar actividades de capacitaci\u00f3n y actualizaci\u00f3n, tales como conferencias, seminarios y eventos especializados, que fortalezcan el conocimiento y la competitividad de nuestros afiliados.<\/li><\/ul>\t\t\t\t\t\t\t\t<\/div>\n\t\t\t\t<\/div>\n\t\t\t\t<div class=\"elementor-element elementor-element-c5d0dca elementor-widget elementor-widget-heading\" data-id=\"c5d0dca\" data-element_type=\"widget\" data-e-type=\"widget\" data-widget_type=\"heading.default\">\n\t\t\t\t<div class=\"elementor-widget-container\">\n\t\t\t\t\t<h2 class=\"elementor-heading-title elementor-size-default\">Nuestros Valores:<\/h2>\t\t\t\t<\/div>\n\t\t\t\t<\/div>\n\t\t\t\t<div class=\"elementor-element elementor-element-60bd758 elementor-widget elementor-widget-text-editor\" data-id=\"60bd758\" data-element_type=\"widget\" data-e-type=\"widget\" data-widget_type=\"text-editor.default\">\n\t\t\t\t<div class=\"elementor-widget-container\">\n\t\t\t\t\t\t\t\t\t<p class=\"p1\">Sustentamos nuestra misi\u00f3n en principios que gu\u00edan nuestro actuar:<\/p><ul><li class=\"p1\"><strong>Liderazgo \u2013<\/strong> Impulsamos el cambio positivo en el mercado de valores.<\/li><li class=\"p1\"><strong>Credibilidad \u2013<\/strong> Actuamos con responsabilidad y transparencia.<\/li><li class=\"p1\"><strong>\u00c9tica \u2013<\/strong> Mantenemos altos est\u00e1ndares profesionales y morales.<\/li><li class=\"p1\"><strong>Trabajo \u2013<\/strong> Compromiso y esfuerzo constante en beneficio de nuestros afiliados.<\/li><li class=\"p1\"><strong>Innovaci\u00f3n \u2013<\/strong> Buscamos soluciones creativas y efectivas.<\/li><li class=\"p1\"><strong>Actitud Proactiva \u2013<\/strong> Anticipamos las necesidades y oportunidades del sector.<\/li><\/ul>\t\t\t\t\t\t\t\t<\/div>\n\t\t\t\t<\/div>\n\t\t\t\t<div class=\"elementor-element elementor-element-274c9f4 elementor-widget elementor-widget-heading\" data-id=\"274c9f4\" data-element_type=\"widget\" data-e-type=\"widget\" data-widget_type=\"heading.default\">\n\t\t\t\t<div class=\"elementor-widget-container\">\n\t\t\t\t\t<h2 class=\"elementor-heading-title elementor-size-default\">Junta Directiva:<\/h2>\t\t\t\t<\/div>\n\t\t\t\t<\/div>\n\t\t\t\t<div class=\"elementor-element elementor-element-54997dc elementor-widget elementor-widget-text-editor\" data-id=\"54997dc\" data-element_type=\"widget\" data-e-type=\"widget\" data-widget_type=\"text-editor.default\">\n\t\t\t\t<div class=\"elementor-widget-container\">\n\t\t\t\t\t\t\t\t\t<p><div class=\"supsystic-table-loader spinner\"style=\"background-color:#000000\"><\/div><div id=\"supsystic-table-2_92430\" class=\"supsystic-tables-wrap \" style=\" width:70%; visibility: hidden; \" data-table-width-fixed=\"70%\" data-table-width-mobile=\"100%\" ><table id=\"supsystic-table-2\" class=\"supsystic-table compact border lightboxImg no-border\" data-id=\"2\" data-view-id=\"2_92430\" data-title=\"Junta Directiva\" data-currency-format=\"$1,000.00\" data-percent-format=\"10.00%\" data-date-format=\"DD.MM.YYYY\" data-time-format=\"HH:mm\" data-features=\"[&quot;after_table_loaded_script&quot;]\" data-search-value=\"\" data-lightbox-img=\"\" data-head-rows-count=\"1\" data-pagination-length=\"50,100,All\" data-auto-index=\"off\" data-searching-settings=\"{&quot;columnSearchPosition&quot;:&quot;bottom&quot;,&quot;minChars&quot;:&quot;0&quot;}\" data-lang=\"default\" data-override=\"{&quot;emptyTable&quot;:&quot;&quot;,&quot;info&quot;:&quot;&quot;,&quot;infoEmpty&quot;:&quot;&quot;,&quot;infoFiltered&quot;:&quot;&quot;,&quot;lengthMenu&quot;:&quot;&quot;,&quot;search&quot;:&quot;&quot;,&quot;previous&quot;:&quot;&quot;,&quot;next&quot;:&quot;&quot;,&quot;zeroRecords&quot;:&quot;&quot;,&quot;exportLabel&quot;:&quot;&quot;,&quot;file&quot;:&quot;default&quot;}\" data-merged=\"[]\" data-responsive-mode=\"0\" data-from-history=\"0\" ><thead><tr><th class=\"\" style=\"width:; padding: 0 !important;\"><\/th><th class=\"\" style=\"width:; padding: 0 !important;\"><\/th><\/tr><\/thead><tbody><tr style=\"height:px\" ><td data-cell-id=\"A1\" data-x=\"0\" data-y=\"1\" data-db-index=\"1\" class=\"bg-ffb300 bold color-000000 htCenter\" data-cell-type=\"text\" data-original-value=\"Cargo\" data-order=\"Cargo\" style=\"min-width:38.2166%; \" >Cargo <\/td><td data-cell-id=\"B1\" data-x=\"1\" data-y=\"1\" data-db-index=\"1\" class=\"bg-ffb300 bold color-000000 htCenter\" data-cell-type=\"text\" data-original-value=\"Nombre\" data-order=\"Nombre\" style=\"min-width:61.7834%; \" >Nombre <\/td><\/tr><tr style=\"height:px\" ><td data-cell-id=\"A2\" data-x=\"0\" data-y=\"2\" data-db-index=\"2\" class=\"bg-001930 color-a0b0bf htCenter\" data-cell-type=\"text\" data-original-value=\"Presidente\" data-order=\"Presidente\" >Presidente <\/td><td data-cell-id=\"B2\" data-x=\"1\" data-y=\"2\" data-db-index=\"2\" class=\"color-a0b0bf bg-001930 htCenter\" data-cell-type=\"text\" data-original-value=\"NOEM\u00cd SEGURA ORTIZ\" data-order=\"NOEM\u00cd SEGURA ORTIZ\" >NOEM\u00cd SEGURA ORTIZ <\/td><\/tr><tr style=\"height:px\" ><td data-cell-id=\"A3\" data-x=\"0\" data-y=\"3\" data-db-index=\"3\" class=\"bg-001930 color-a0b0bf htCenter\" data-cell-type=\"text\" data-original-value=\"Vicepresidente\" data-order=\"Vicepresidente\" >Vicepresidente <\/td><td data-cell-id=\"B3\" data-x=\"1\" data-y=\"3\" data-db-index=\"3\" class=\"bg-001930 color-a0b0bf htCenter\" data-cell-type=\"text\" data-original-value=\"THOMAS FREDERICK ALVARADO ACOSTA\" data-order=\"THOMAS FREDERICK ALVARADO ACOSTA\" >THOMAS FREDERICK ALVARADO ACOSTA <\/td><\/tr><tr style=\"height:px\" ><td data-cell-id=\"A4\" data-x=\"0\" data-y=\"4\" data-db-index=\"4\" class=\"bg-001930 color-a0b0bf htCenter\" data-cell-type=\"text\" data-original-value=\"Secretario\" data-order=\"Secretario\" >Secretario <\/td><td data-cell-id=\"B4\" data-x=\"1\" data-y=\"4\" data-db-index=\"4\" class=\"bg-001930 color-a0b0bf htCenter\" data-cell-type=\"text\" data-original-value=\"SIDER SALAS MOLINA\" data-order=\"SIDER SALAS MOLINA\" >SIDER SALAS MOLINA <\/td><\/tr><tr style=\"height:px\" ><td data-cell-id=\"A5\" data-x=\"0\" data-y=\"5\" data-db-index=\"5\" class=\"bg-001930 color-a0b0bf htCenter\" data-cell-type=\"text\" data-original-value=\"Tesorero\" data-order=\"Tesorero\" >Tesorero <\/td><td data-cell-id=\"B5\" data-x=\"1\" data-y=\"5\" data-db-index=\"5\" class=\"bg-001930 color-a0b0bf htCenter\" data-cell-type=\"text\" data-original-value=\"BERNAL ALLEN CHAVES\" data-order=\"BERNAL ALLEN CHAVES\" >BERNAL ALLEN CHAVES <\/td><\/tr><tr style=\"height:px\" ><td data-cell-id=\"A6\" data-x=\"0\" data-y=\"6\" data-db-index=\"6\" class=\"bg-001930 color-a0b0bf htCenter\" data-cell-type=\"text\" data-original-value=\"Vocal 1\" data-order=\"Vocal 1\" >Vocal 1 <\/td><td data-cell-id=\"B6\" data-x=\"1\" data-y=\"6\" data-db-index=\"6\" class=\"bg-001930 color-a0b0bf htCenter\" data-cell-type=\"text\" data-original-value=\"MAUREEN PHILLIPS MURILLO\" data-order=\"MAUREEN PHILLIPS MURILLO\" >MAUREEN PHILLIPS MURILLO <\/td><\/tr><tr style=\"height:px\" ><td data-cell-id=\"A7\" data-x=\"0\" data-y=\"7\" data-db-index=\"7\" class=\"bg-001930 color-a0b0bf htCenter\" data-cell-type=\"text\" data-original-value=\"Vocal 2\" data-order=\"Vocal 2\" >Vocal 2 <\/td><td data-cell-id=\"B7\" data-x=\"1\" data-y=\"7\" data-db-index=\"7\" class=\"bg-001930 color-a0b0bf htCenter\" data-cell-type=\"text\" data-original-value=\"LUIS CARLOS RODR\u00cdGUEZ ACU\u00d1A\" data-order=\"LUIS CARLOS RODR\u00cdGUEZ ACU\u00d1A\" >LUIS CARLOS RODR\u00cdGUEZ ACU\u00d1A <\/td><\/tr><tr style=\"height:px\" ><td data-cell-id=\"A8\" data-x=\"0\" data-y=\"8\" data-db-index=\"8\" class=\"bg-001930 color-a0b0bf htCenter\" data-cell-type=\"text\" data-original-value=\"Vocal 3\" data-order=\"Vocal 3\" >Vocal 3 <\/td><td data-cell-id=\"B8\" data-x=\"1\" data-y=\"8\" data-db-index=\"8\" class=\"bg-001930 color-a0b0bf htCenter\" data-cell-type=\"text\" data-original-value=\"KEINER ARCE GUERRERO\" data-order=\"KEINER ARCE GUERRERO\" >KEINER ARCE GUERRERO <\/td><\/tr><tr style=\"height:px\" ><td data-cell-id=\"A9\" data-x=\"0\" data-y=\"9\" data-db-index=\"9\" class=\"bg-001930 color-a0b0bf htCenter\" data-cell-type=\"text\" data-original-value=\"Vocal 4\" data-order=\"Vocal 4\" >Vocal 4 <\/td><td data-cell-id=\"B9\" data-x=\"1\" data-y=\"9\" data-db-index=\"9\" class=\"bg-001930 color-a0b0bf htCenter\" data-cell-type=\"text\" data-original-value=\"RODOLFO GONZ\u00c1LEZ BLANCO\" data-order=\"RODOLFO GONZ\u00c1LEZ BLANCO\" >RODOLFO GONZ\u00c1LEZ BLANCO <\/td><\/tr><tr style=\"height:px\" ><td data-cell-id=\"A10\" data-x=\"0\" data-y=\"10\" data-db-index=\"10\" class=\"bg-001930 color-a0b0bf htCenter\" data-cell-type=\"text\" data-original-value=\"Vocal 5\" data-order=\"Vocal 5\" >Vocal 5 <\/td><td data-cell-id=\"B10\" data-x=\"1\" data-y=\"10\" data-db-index=\"10\" class=\"bg-001930 color-a0b0bf htCenter\" data-cell-type=\"text\" data-original-value=\"MARIO G\u00d3MEZ FERN\u00c1NDEZ\" data-order=\"MARIO G\u00d3MEZ FERN\u00c1NDEZ\" >MARIO G\u00d3MEZ FERN\u00c1NDEZ <\/td><\/tr><tr style=\"height:px\" ><td data-cell-id=\"A11\" data-x=\"0\" data-y=\"11\" data-db-index=\"11\" class=\"bg-001930 color-a0b0bf htCenter\" data-cell-type=\"text\" data-original-value=\"Fiscal\" data-order=\"Fiscal\" >Fiscal <\/td><td data-cell-id=\"B11\" data-x=\"1\" data-y=\"11\" data-db-index=\"11\" class=\"bg-001930 color-a0b0bf htCenter\" data-cell-type=\"text\" data-original-value=\"JOS\u00c9 ERNESTO ACOSTA MORALES\" data-order=\"JOS\u00c9 ERNESTO ACOSTA MORALES\" >JOS\u00c9 ERNESTO ACOSTA MORALES <\/td><\/tr><tr style=\"height:px\" ><td data-cell-id=\"A12\" data-x=\"0\" data-y=\"12\" data-db-index=\"12\" class=\"bg-001930 color-a0b0bf htCenter\" data-cell-type=\"text\" data-original-value=\"Director Honorario\" data-order=\"Director Honorario\" >Director Honorario <\/td><td data-cell-id=\"B12\" data-x=\"1\" data-y=\"12\" data-db-index=\"12\" class=\"bg-001930 color-a0b0bf htCenter\" data-cell-type=\"text\" data-original-value=\"BISMARK CALC\u00c1NEO ESPELETA\" data-order=\"BISMARK CALC\u00c1NEO ESPELETA\" >BISMARK CALC\u00c1NEO ESPELETA <\/td><\/tr><tr style=\"height:px\" ><td data-cell-id=\"A13\" data-x=\"0\" data-y=\"13\" data-db-index=\"13\" class=\"bg-001930 color-a0b0bf htCenter\" data-cell-type=\"text\" data-original-value=\"Director Honorario\" data-order=\"Director Honorario\" >Director Honorario <\/td><td data-cell-id=\"B13\" data-x=\"1\" data-y=\"13\" data-db-index=\"13\" class=\"bg-001930 color-a0b0bf htCenter\" data-cell-type=\"text\" data-original-value=\"MARIO MONTEALEGRE SABOR\u00cdO\" data-order=\"MARIO MONTEALEGRE SABOR\u00cdO\" >MARIO MONTEALEGRE SABOR\u00cdO <\/td><\/tr><\/tbody><\/table><!-- \/#supsystic-table-2.supsystic-table --><\/div><!-- \/.supsystic-tables-wrap --><!-- Tables Generator by Supsystic --><!-- Version:1.11.0 --><!-- http:\/\/supsystic.com\/ --><a title=\"WordPress Data Table\" style=\"display:none;\" href=\"https:\/\/supsystic.com\/plugins\/wordpress-data-table-plugin\/?utm_medium=love_link\" target=\"_blank\">WordPress Data Table<\/a><\/p>\t\t\t\t\t\t\t\t<\/div>\n\t\t\t\t<\/div>\n\t\t\t\t\t<\/div>\n\t\t<\/div>\n\t\t\t\t\t<\/div>\n\t\t<\/section>\n\t\t\t\t<section class=\"elementor-section elementor-top-section elementor-element elementor-element-733dfd8 elementor-section-boxed elementor-section-height-default elementor-section-height-default\" data-id=\"733dfd8\" data-element_type=\"section\" data-e-type=\"section\">\n\t\t\t\t\t\t<div class=\"elementor-container elementor-column-gap-default\">\n\t\t\t\t\t<div class=\"elementor-column elementor-col-16 elementor-top-column elementor-element elementor-element-5d21019\" data-id=\"5d21019\" data-element_type=\"column\" data-e-type=\"column\">\n\t\t\t<div class=\"elementor-widget-wrap\">\n\t\t\t\t\t\t\t<\/div>\n\t\t<\/div>\n\t\t\t\t<div class=\"elementor-column elementor-col-16 elementor-top-column elementor-element elementor-element-8e61a14\" data-id=\"8e61a14\" data-element_type=\"column\" data-e-type=\"column\">\n\t\t\t<div class=\"elementor-widget-wrap elementor-element-populated\">\n\t\t\t\t\t\t<div class=\"elementor-element elementor-element-fee7aa2 elementor-view-stacked elementor-shape-circle elementor-widget elementor-widget-icon\" data-id=\"fee7aa2\" data-element_type=\"widget\" data-e-type=\"widget\" data-widget_type=\"icon.default\">\n\t\t\t\t<div class=\"elementor-widget-container\">\n\t\t\t\t\t\t\t<div class=\"elementor-icon-wrapper\">\n\t\t\t<a class=\"elementor-icon\" href=\"https:\/\/www.facebook.com\/CamaraDeEmisoresDeTitulosValores\">\n\t\t\t<i aria-hidden=\"true\" class=\"fab fa-facebook\"><\/i>\t\t\t<\/a>\n\t\t<\/div>\n\t\t\t\t\t\t<\/div>\n\t\t\t\t<\/div>\n\t\t\t\t\t<\/div>\n\t\t<\/div>\n\t\t\t\t<div class=\"elementor-column elementor-col-16 elementor-top-column elementor-element elementor-element-2502ea9\" data-id=\"2502ea9\" data-element_type=\"column\" data-e-type=\"column\">\n\t\t\t<div class=\"elementor-widget-wrap elementor-element-populated\">\n\t\t\t\t\t\t<div class=\"elementor-element elementor-element-0cd7979 elementor-view-stacked elementor-shape-circle elementor-widget elementor-widget-icon\" data-id=\"0cd7979\" data-element_type=\"widget\" data-e-type=\"widget\" data-widget_type=\"icon.default\">\n\t\t\t\t<div class=\"elementor-widget-container\">\n\t\t\t\t\t\t\t<div class=\"elementor-icon-wrapper\">\n\t\t\t<a class=\"elementor-icon\" href=\"https:\/\/www.instagram.com\/ccetv_cr\">\n\t\t\t<i aria-hidden=\"true\" class=\"fab fa-instagram\"><\/i>\t\t\t<\/a>\n\t\t<\/div>\n\t\t\t\t\t\t<\/div>\n\t\t\t\t<\/div>\n\t\t\t\t\t<\/div>\n\t\t<\/div>\n\t\t\t\t<div class=\"elementor-column elementor-col-16 elementor-top-column elementor-element elementor-element-ac8ab86\" data-id=\"ac8ab86\" data-element_type=\"column\" data-e-type=\"column\">\n\t\t\t<div class=\"elementor-widget-wrap elementor-element-populated\">\n\t\t\t\t\t\t<div class=\"elementor-element elementor-element-1400d6c elementor-view-stacked elementor-shape-circle elementor-widget elementor-widget-icon\" data-id=\"1400d6c\" data-element_type=\"widget\" data-e-type=\"widget\" data-widget_type=\"icon.default\">\n\t\t\t\t<div class=\"elementor-widget-container\">\n\t\t\t\t\t\t\t<div class=\"elementor-icon-wrapper\">\n\t\t\t<a class=\"elementor-icon\" href=\"http:\/\/www.linkedin.com\/in\/ccetvcr\">\n\t\t\t<i aria-hidden=\"true\" class=\"fab fa-linkedin\"><\/i>\t\t\t<\/a>\n\t\t<\/div>\n\t\t\t\t\t\t<\/div>\n\t\t\t\t<\/div>\n\t\t\t\t\t<\/div>\n\t\t<\/div>\n\t\t\t\t<div class=\"elementor-column elementor-col-16 elementor-top-column elementor-element elementor-element-93119dd\" data-id=\"93119dd\" data-element_type=\"column\" data-e-type=\"column\">\n\t\t\t<div class=\"elementor-widget-wrap elementor-element-populated\">\n\t\t\t\t\t\t<div class=\"elementor-element elementor-element-83fb480 elementor-view-framed elementor-shape-circle elementor-widget elementor-widget-icon\" data-id=\"83fb480\" data-element_type=\"widget\" data-e-type=\"widget\" data-widget_type=\"icon.default\">\n\t\t\t\t<div class=\"elementor-widget-container\">\n\t\t\t\t\t\t\t<div class=\"elementor-icon-wrapper\">\n\t\t\t<a class=\"elementor-icon\" href=\"https:\/\/wa.link\/axsztt\">\n\t\t\t<i aria-hidden=\"true\" class=\"fab fa-whatsapp\"><\/i>\t\t\t<\/a>\n\t\t<\/div>\n\t\t\t\t\t\t<\/div>\n\t\t\t\t<\/div>\n\t\t\t\t\t<\/div>\n\t\t<\/div>\n\t\t\t\t<div class=\"elementor-column elementor-col-16 elementor-top-column elementor-element elementor-element-4245276\" data-id=\"4245276\" data-element_type=\"column\" data-e-type=\"column\">\n\t\t\t<div class=\"elementor-widget-wrap\">\n\t\t\t\t\t\t\t<\/div>\n\t\t<\/div>\n\t\t\t\t\t<\/div>\n\t\t<\/section>\n\t\t\t\t<\/div>\n\t\t","protected":false},"excerpt":{"rendered":"<p>Visi\u00f3n: Ser un representante confiable y transparente de las empresas y figuras afiliadas que realizan oferta p\u00fablica de t\u00edtulos y valores en el territorio nacional, impulsando un mercado de valores s\u00f3lido, profundo y en constante desarrollo. Misi\u00f3n: Fomentar el desarrollo del mercado de valores y promover mecanismos que faciliten la colocaci\u00f3n y liquidez de los [&hellip;]<\/p>\n","protected":false},"author":1,"featured_media":0,"parent":0,"menu_order":0,"comment_status":"closed","ping_status":"closed","template":"elementor_header_footer","meta":{"footnotes":""},"class_list":["post-297","page","type-page","status-publish","hentry"],"_links":{"self":[{"href":"https:\/\/camara-emisores.com\/01\/wp-json\/wp\/v2\/pages\/297","targetHints":{"allow":["GET"]}}],"collection":[{"href":"https:\/\/camara-emisores.com\/01\/wp-json\/wp\/v2\/pages"}],"about":[{"href":"https:\/\/camara-emisores.com\/01\/wp-json\/wp\/v2\/types\/page"}],"author":[{"embeddable":true,"href":"https:\/\/camara-emisores.com\/01\/wp-json\/wp\/v2\/users\/1"}],"replies":[{"embeddable":true,"href":"https:\/\/camara-emisores.com\/01\/wp-json\/wp\/v2\/comments?post=297"}],"version-history":[{"count":28,"href":"https:\/\/camara-emisores.com\/01\/wp-json\/wp\/v2\/pages\/297\/revisions"}],"predecessor-version":[{"id":1469,"href":"https:\/\/camara-emisores.com\/01\/wp-json\/wp\/v2\/pages\/297\/revisions\/1469"}],"wp:attachment":[{"href":"https:\/\/camara-emisores.com\/01\/wp-json\/wp\/v2\/media?parent=297"}],"curies":[{"name":"wp","href":"https:\/\/api.w.org\/{rel}","templated":true}]}}