{"id":167,"date":"2022-03-08T14:24:17","date_gmt":"2022-03-08T20:24:17","guid":{"rendered":"https:\/\/camara-emisores.com\/01\/?page_id=167"},"modified":"2026-04-28T15:01:47","modified_gmt":"2026-04-28T21:01:47","slug":"formulario-inscripcion","status":"publish","type":"page","link":"https:\/\/camara-emisores.com\/01\/formulario-inscripcion\/","title":{"rendered":"Formulario Inscripci\u00f3n"},"content":{"rendered":"\t\t<div data-elementor-type=\"wp-page\" data-elementor-id=\"167\" class=\"elementor elementor-167\">\n\t\t\t\t\t\t<section class=\"elementor-section elementor-top-section elementor-element elementor-element-829b675 elementor-section-boxed elementor-section-height-default elementor-section-height-default\" data-id=\"829b675\" data-element_type=\"section\" data-e-type=\"section\" data-settings=\"{&quot;background_background&quot;:&quot;classic&quot;}\">\n\t\t\t\t\t\t<div class=\"elementor-container elementor-column-gap-default\">\n\t\t\t\t\t<div class=\"elementor-column elementor-col-100 elementor-top-column elementor-element elementor-element-4487e7b\" data-id=\"4487e7b\" data-element_type=\"column\" data-e-type=\"column\">\n\t\t\t<div class=\"elementor-widget-wrap elementor-element-populated\">\n\t\t\t\t\t\t<div class=\"elementor-element elementor-element-40db845 elementor-widget elementor-widget-heading\" data-id=\"40db845\" data-element_type=\"widget\" data-e-type=\"widget\" data-widget_type=\"heading.default\">\n\t\t\t\t<div class=\"elementor-widget-container\">\n\t\t\t\t\t<h2 class=\"elementor-heading-title elementor-size-default\">Inscripci\u00f3n<\/h2>\t\t\t\t<\/div>\n\t\t\t\t<\/div>\n\t\t\t\t<div class=\"elementor-element elementor-element-821fa40 elementor-widget elementor-widget-text-editor\" data-id=\"821fa40\" data-element_type=\"widget\" data-e-type=\"widget\" data-widget_type=\"text-editor.default\">\n\t\t\t\t<div class=\"elementor-widget-container\">\n\t\t\t\t\t\t\t\t\t<p class=\"p1\">La <strong>C\u00e1mara Costarricense de Emisores de T\u00edtulos Valores <em>(CCETV)<\/em><\/strong> organiza de forma constante cursos, seminarios y talleres especializados para fortalecer sus conocimientos en temas clave del mercado de valores.<\/p><p class=\"p1\">\ud83d\udccc Inscr\u00edbase ahora completando el siguiente formulario.<\/p><p class=\"p1\">\ud83d\udcac Si desea m\u00e1s informaci\u00f3n o tiene alguna consulta, <a href=\"https:\/\/camara-emisores.com\/01\/contact\/\">cont\u00e1ctenos aqu\u00ed.<\/a><\/p><p class=\"p1\"><strong>Pol\u00edtica de privacidad y anti-spam.<\/strong> <br \/>La informaci\u00f3n solicitada se utilizar\u00e1 \u00fanicamente para gestionar su inscripci\u00f3n.<\/p><p class=\"p1\">\ud83d\udccd Cero tolerancia al SPAM: no compartimos sus datos con terceros.<\/p>\t\t\t\t\t\t\t\t<\/div>\n\t\t\t\t<\/div>\n\t\t\t\t<div class=\"elementor-element elementor-element-4e9acfc elementor-widget elementor-widget-wpforms\" data-id=\"4e9acfc\" data-element_type=\"widget\" data-e-type=\"widget\" data-widget_type=\"wpforms.default\">\n\t\t\t\t<div class=\"elementor-widget-container\">\n\t\t\t\t\t<div class=\"wpforms-container wpforms-container-full\" id=\"wpforms-229\"><form id=\"wpforms-form-229\" class=\"wpforms-validate wpforms-form wpforms-ajax-form\" data-formid=\"229\" method=\"post\" enctype=\"multipart\/form-data\" action=\"\/01\/wp-json\/wp\/v2\/pages\/167\" data-token=\"48d90353be4dbe12741b535926ec4a8f\" data-token-time=\"1778566044\"><noscript class=\"wpforms-error-noscript\">Please enable JavaScript in your browser to complete this form.<\/noscript><div class=\"wpforms-field-container\"><div id=\"wpforms-229-field_23-container\" class=\"wpforms-field wpforms-field-select wpforms-field-select-style-classic\" data-field-id=\"23\"><label class=\"wpforms-field-label\" for=\"wpforms-229-field_23\">Seminarios o Capacitaciones <span class=\"wpforms-required-label\">*<\/span><\/label><select id=\"wpforms-229-field_23\" class=\"wpforms-field-medium wpforms-field-required\" name=\"wpforms[fields][23]\" required=\"required\"><option value=\"Taller. Auditoria Interna 360\u00b0\"  class=\"choice-19 depth-1\"  >Taller. Auditoria Interna 360\u00b0<\/option><option value=\"Webinar An\u00e1lisis Especializado de Inversiones en Mercados Internacionales\"  class=\"choice-20 depth-1\"  >Webinar An\u00e1lisis Especializado de Inversiones en Mercados Internacionales<\/option><option value=\"Seminario Regtech y SupTech: Desarrollo e Imprementaci\u00f3n\"  class=\"choice-22 depth-1\"  >Seminario Regtech y SupTech: Desarrollo e Imprementaci\u00f3n<\/option><option value=\"Tokenizaci\u00f3n de Activos Financieros\"  class=\"choice-23 depth-1\"  >Tokenizaci\u00f3n de Activos Financieros<\/option><\/select><\/div><div id=\"wpforms-229-field_3-container\" class=\"wpforms-field wpforms-field-name\" data-field-id=\"3\"><label class=\"wpforms-field-label\" for=\"wpforms-229-field_3\">Nombre completo <span class=\"wpforms-required-label\">*<\/span><\/label><input type=\"text\" id=\"wpforms-229-field_3\" class=\"wpforms-field-medium wpforms-field-required\" name=\"wpforms[fields][3]\" required><\/div><div id=\"wpforms-229-field_5-container\" class=\"wpforms-field wpforms-field-email wpforms-one-half wpforms-first\" data-field-id=\"5\"><label class=\"wpforms-field-label\" for=\"wpforms-229-field_5\">Correo electr\u00f3nico <span class=\"wpforms-required-label\">*<\/span><\/label><input type=\"email\" id=\"wpforms-229-field_5\" class=\"wpforms-field-medium wpforms-field-required\" name=\"wpforms[fields][5]\" spellcheck=\"false\" required><\/div><div id=\"wpforms-229-field_6-container\" class=\"wpforms-field wpforms-field-text wpforms-one-half\" data-field-id=\"6\"><label class=\"wpforms-field-label\" for=\"wpforms-229-field_6\">Tel\u00e9fono <span class=\"wpforms-required-label\">*<\/span><\/label><input type=\"text\" id=\"wpforms-229-field_6\" class=\"wpforms-field-medium wpforms-field-required wpforms-masked-input\" data-rule-inputmask-incomplete=\"1\" data-inputmask-mask=\"9999-9999\" name=\"wpforms[fields][6]\" placeholder=\"Ejemplo: 6060-6060\" required><\/div><div id=\"wpforms-229-field_20-container\" class=\"wpforms-field wpforms-field-text wpforms-one-third wpforms-first\" data-field-id=\"20\"><label class=\"wpforms-field-label\" for=\"wpforms-229-field_20\">Entidad \/ Empresa <span class=\"wpforms-required-label\">*<\/span><\/label><input type=\"text\" id=\"wpforms-229-field_20\" class=\"wpforms-field-medium wpforms-field-required\" name=\"wpforms[fields][20]\" required><\/div><div id=\"wpforms-229-field_7-container\" class=\"wpforms-field wpforms-field-text wpforms-one-third\" data-field-id=\"7\"><label class=\"wpforms-field-label\" for=\"wpforms-229-field_7\">\u00c1rea o departamento <span class=\"wpforms-required-label\">*<\/span><\/label><input type=\"text\" id=\"wpforms-229-field_7\" class=\"wpforms-field-medium wpforms-field-required\" name=\"wpforms[fields][7]\" required><\/div><div id=\"wpforms-229-field_8-container\" class=\"wpforms-field wpforms-field-text wpforms-one-third\" data-field-id=\"8\"><label class=\"wpforms-field-label\" for=\"wpforms-229-field_8\">Puesto de trabajo <span class=\"wpforms-required-label\">*<\/span><\/label><input type=\"text\" id=\"wpforms-229-field_8\" class=\"wpforms-field-medium wpforms-field-required\" name=\"wpforms[fields][8]\" required><\/div><div id=\"wpforms-229-field_10-container\" class=\"wpforms-field wpforms-field-name\" data-field-id=\"10\"><label class=\"wpforms-field-label\" for=\"wpforms-229-field_10\">Nombre completo de la persona que realiza la inscripci\u00f3n <span class=\"wpforms-required-label\">*<\/span><\/label><input type=\"text\" id=\"wpforms-229-field_10\" class=\"wpforms-field-medium wpforms-field-required\" name=\"wpforms[fields][10]\" required><\/div><div id=\"wpforms-229-field_11-container\" class=\"wpforms-field wpforms-field-text\" data-field-id=\"11\"><label class=\"wpforms-field-label\" for=\"wpforms-229-field_11\">Tel\u00e9fono <span class=\"wpforms-required-label\">*<\/span><\/label><input type=\"text\" id=\"wpforms-229-field_11\" class=\"wpforms-field-medium wpforms-field-required wpforms-masked-input\" data-rule-inputmask-incomplete=\"1\" data-inputmask-mask=\"9999-9999\" name=\"wpforms[fields][11]\" placeholder=\"Ejemplo: 6060-6060\" required><\/div><div id=\"wpforms-229-field_13-container\" class=\"wpforms-field wpforms-field-text\" data-field-id=\"13\"><label class=\"wpforms-field-label\" for=\"wpforms-229-field_13\">La factura se emite a nombre de: <span class=\"wpforms-required-label\">*<\/span><\/label><input type=\"text\" id=\"wpforms-229-field_13\" class=\"wpforms-field-large wpforms-field-required\" name=\"wpforms[fields][13]\" required><\/div><div id=\"wpforms-229-field_14-container\" class=\"wpforms-field wpforms-field-text wpforms-one-half wpforms-first\" data-field-id=\"14\"><label class=\"wpforms-field-label\" for=\"wpforms-229-field_14\">N\u00famero de c\u00e9dula jur\u00eddica \/ f\u00edsica <span class=\"wpforms-required-label\">*<\/span><\/label><input type=\"text\" id=\"wpforms-229-field_14\" class=\"wpforms-field-large wpforms-field-required\" name=\"wpforms[fields][14]\" required><\/div><div id=\"wpforms-229-field_15-container\" class=\"wpforms-field wpforms-field-email wpforms-one-half\" data-field-id=\"15\"><label class=\"wpforms-field-label\" for=\"wpforms-229-field_15\">Correo electr\u00f3nico al cual se le env\u00eda la factura. <span class=\"wpforms-required-label\">*<\/span><\/label><input type=\"email\" id=\"wpforms-229-field_15\" class=\"wpforms-field-medium wpforms-field-required\" name=\"wpforms[fields][15]\" placeholder=\"Ejemplo: nombre@dominio.com\" spellcheck=\"false\" required><\/div><div id=\"wpforms-229-field_18-container\" class=\"wpforms-field wpforms-field-text\" data-field-id=\"18\"><label class=\"wpforms-field-label\" for=\"wpforms-229-field_18\">Tel\u00e9fono <span class=\"wpforms-required-label\">*<\/span><\/label><input type=\"text\" id=\"wpforms-229-field_18\" class=\"wpforms-field-medium wpforms-field-required wpforms-masked-input\" data-rule-inputmask-incomplete=\"1\" data-inputmask-mask=\"9999-9999\" name=\"wpforms[fields][18]\" placeholder=\"Ejemplo: 6060-6060\" required><\/div><div id=\"wpforms-229-field_19-container\" class=\"wpforms-field wpforms-field-textarea\" data-field-id=\"19\"><label class=\"wpforms-field-label\" for=\"wpforms-229-field_19\">Direcci\u00f3n f\u00edsica. <span class=\"wpforms-required-label\">*<\/span><\/label><textarea id=\"wpforms-229-field_19\" class=\"wpforms-field-medium wpforms-field-required\" name=\"wpforms[fields][19]\" required><\/textarea><\/div><\/div><!-- .wpforms-field-container --><div class=\"wpforms-recaptcha-container wpforms-is-recaptcha wpforms-is-recaptcha-type-v3\" ><input type=\"hidden\" name=\"wpforms[recaptcha]\" value=\"\"><\/div><div class=\"wpforms-submit-container\" ><input type=\"hidden\" name=\"wpforms[id]\" value=\"229\"><input type=\"hidden\" name=\"page_title\" value=\"\"><input type=\"hidden\" name=\"page_url\" value=\"https:\/\/camara-emisores.com\/01\/wp-json\/wp\/v2\/pages\/167\"><input type=\"hidden\" name=\"url_referer\" value=\"\"><button type=\"submit\" name=\"wpforms[submit]\" id=\"wpforms-submit-229\" class=\"wpforms-submit\" data-alt-text=\"Enviando...\" data-submit-text=\"Enviar\" aria-live=\"assertive\" value=\"wpforms-submit\">Enviar<\/button><img decoding=\"async\" src=\"https:\/\/camara-emisores.com\/01\/wp-content\/plugins\/wpforms-lite\/assets\/images\/submit-spin.svg\" class=\"wpforms-submit-spinner\" style=\"display: none;\" width=\"26\" height=\"26\" alt=\"Loading\"><\/div><\/form><\/div>  <!-- .wpforms-container -->\t\t\t\t<\/div>\n\t\t\t\t<\/div>\n\t\t\t\t<div class=\"elementor-element elementor-element-395c76b elementor-widget elementor-widget-text-editor\" data-id=\"395c76b\" data-element_type=\"widget\" data-e-type=\"widget\" data-widget_type=\"text-editor.default\">\n\t\t\t\t<div class=\"elementor-widget-container\">\n\t\t\t\t\t\t\t\t\t<p class=\"p1\"><strong>Informaci\u00f3n de pago<\/strong><\/p><p class=\"p1\">\ud83d\udcb3 Transferencia bancaria en d\u00f3lares<\/p><p class=\"p1\">Cuenta BAC San Jos\u00e9: 906145339<\/p><p class=\"p1\">IBAN: CR65010200009061453396<\/p><p class=\"p1\">C\u00e9dula jur\u00eddica: 3-002-146159<\/p><p class=\"p1\">\ud83d\udcf2 SINPE M\u00f3vil A nombre de la C\u00e1mara de Emisores: 8444-8755<\/p><p class=\"p1\">\ud83d\udce7 Enviar copia del comprobante a yalfaro@camara-emisores.com, indicando nombre del participante y entidad.<\/p><p class=\"p1\">\u26a0 Si no se env\u00eda esta informaci\u00f3n, el pago no podr\u00e1 ser aplicado.<\/p><p class=\"p1\"><strong>Importante<\/strong><\/p><ul><li class=\"p1\">El env\u00edo de este formulario constituye una reservaci\u00f3n en firme y un compromiso de pago.<\/li><li class=\"p1\">Anulaciones: v\u00eda correo electr\u00f3nico hasta 10 d\u00edas h\u00e1biles antes del inicio del seminario. Pasada esa fecha, se facturar\u00e1 el cupo correspondiente.<\/li><\/ul>\t\t\t\t\t\t\t\t<\/div>\n\t\t\t\t<\/div>\n\t\t\t\t\t<\/div>\n\t\t<\/div>\n\t\t\t\t\t<\/div>\n\t\t<\/section>\n\t\t\t\t<section class=\"elementor-section elementor-top-section elementor-element elementor-element-3b9a82f elementor-section-boxed elementor-section-height-default elementor-section-height-default\" data-id=\"3b9a82f\" data-element_type=\"section\" data-e-type=\"section\">\n\t\t\t\t\t\t<div class=\"elementor-container elementor-column-gap-default\">\n\t\t\t\t\t<div class=\"elementor-column elementor-col-16 elementor-top-column elementor-element elementor-element-0c25f9d\" data-id=\"0c25f9d\" data-element_type=\"column\" data-e-type=\"column\">\n\t\t\t<div class=\"elementor-widget-wrap\">\n\t\t\t\t\t\t\t<\/div>\n\t\t<\/div>\n\t\t\t\t<div class=\"elementor-column elementor-col-16 elementor-top-column elementor-element elementor-element-3d89ad5\" data-id=\"3d89ad5\" data-element_type=\"column\" data-e-type=\"column\">\n\t\t\t<div class=\"elementor-widget-wrap elementor-element-populated\">\n\t\t\t\t\t\t<div class=\"elementor-element elementor-element-6e3756f elementor-view-stacked elementor-shape-circle elementor-widget elementor-widget-icon\" data-id=\"6e3756f\" data-element_type=\"widget\" data-e-type=\"widget\" data-widget_type=\"icon.default\">\n\t\t\t\t<div class=\"elementor-widget-container\">\n\t\t\t\t\t\t\t<div class=\"elementor-icon-wrapper\">\n\t\t\t<a class=\"elementor-icon\" href=\"https:\/\/www.facebook.com\/CamaraDeEmisoresDeTitulosValores\">\n\t\t\t<i aria-hidden=\"true\" class=\"fab fa-facebook\"><\/i>\t\t\t<\/a>\n\t\t<\/div>\n\t\t\t\t\t\t<\/div>\n\t\t\t\t<\/div>\n\t\t\t\t\t<\/div>\n\t\t<\/div>\n\t\t\t\t<div class=\"elementor-column elementor-col-16 elementor-top-column elementor-element elementor-element-fe86509\" data-id=\"fe86509\" data-element_type=\"column\" data-e-type=\"column\">\n\t\t\t<div class=\"elementor-widget-wrap elementor-element-populated\">\n\t\t\t\t\t\t<div class=\"elementor-element elementor-element-8ebcebf elementor-view-stacked elementor-shape-circle elementor-widget elementor-widget-icon\" data-id=\"8ebcebf\" data-element_type=\"widget\" data-e-type=\"widget\" data-widget_type=\"icon.default\">\n\t\t\t\t<div class=\"elementor-widget-container\">\n\t\t\t\t\t\t\t<div class=\"elementor-icon-wrapper\">\n\t\t\t<a class=\"elementor-icon\" href=\"https:\/\/www.instagram.com\/ccetv_cr\">\n\t\t\t<i aria-hidden=\"true\" class=\"fab fa-instagram\"><\/i>\t\t\t<\/a>\n\t\t<\/div>\n\t\t\t\t\t\t<\/div>\n\t\t\t\t<\/div>\n\t\t\t\t\t<\/div>\n\t\t<\/div>\n\t\t\t\t<div class=\"elementor-column elementor-col-16 elementor-top-column elementor-element elementor-element-e1ad896\" data-id=\"e1ad896\" data-element_type=\"column\" data-e-type=\"column\">\n\t\t\t<div class=\"elementor-widget-wrap elementor-element-populated\">\n\t\t\t\t\t\t<div class=\"elementor-element elementor-element-0c22b10 elementor-view-stacked elementor-shape-circle elementor-widget elementor-widget-icon\" data-id=\"0c22b10\" data-element_type=\"widget\" data-e-type=\"widget\" data-widget_type=\"icon.default\">\n\t\t\t\t<div class=\"elementor-widget-container\">\n\t\t\t\t\t\t\t<div class=\"elementor-icon-wrapper\">\n\t\t\t<a class=\"elementor-icon\" href=\"http:\/\/www.linkedin.com\/in\/ccetvcr\">\n\t\t\t<i aria-hidden=\"true\" class=\"fab fa-linkedin\"><\/i>\t\t\t<\/a>\n\t\t<\/div>\n\t\t\t\t\t\t<\/div>\n\t\t\t\t<\/div>\n\t\t\t\t\t<\/div>\n\t\t<\/div>\n\t\t\t\t<div class=\"elementor-column elementor-col-16 elementor-top-column elementor-element elementor-element-96afbf3\" data-id=\"96afbf3\" data-element_type=\"column\" data-e-type=\"column\">\n\t\t\t<div class=\"elementor-widget-wrap elementor-element-populated\">\n\t\t\t\t\t\t<div class=\"elementor-element elementor-element-0631dd0 elementor-view-framed elementor-shape-circle elementor-widget elementor-widget-icon\" data-id=\"0631dd0\" data-element_type=\"widget\" data-e-type=\"widget\" data-widget_type=\"icon.default\">\n\t\t\t\t<div class=\"elementor-widget-container\">\n\t\t\t\t\t\t\t<div class=\"elementor-icon-wrapper\">\n\t\t\t<a class=\"elementor-icon\" href=\"https:\/\/wa.link\/axsztt\">\n\t\t\t<i aria-hidden=\"true\" class=\"fab fa-whatsapp\"><\/i>\t\t\t<\/a>\n\t\t<\/div>\n\t\t\t\t\t\t<\/div>\n\t\t\t\t<\/div>\n\t\t\t\t\t<\/div>\n\t\t<\/div>\n\t\t\t\t<div class=\"elementor-column elementor-col-16 elementor-top-column elementor-element elementor-element-5619ee4\" data-id=\"5619ee4\" data-element_type=\"column\" data-e-type=\"column\">\n\t\t\t<div class=\"elementor-widget-wrap\">\n\t\t\t\t\t\t\t<\/div>\n\t\t<\/div>\n\t\t\t\t\t<\/div>\n\t\t<\/section>\n\t\t\t\t<\/div>\n\t\t","protected":false},"excerpt":{"rendered":"<p>Inscripci\u00f3n La C\u00e1mara Costarricense de Emisores de T\u00edtulos Valores (CCETV) organiza de forma constante cursos, seminarios y talleres especializados para fortalecer sus conocimientos en temas clave del mercado de valores. \ud83d\udccc Inscr\u00edbase ahora completando el siguiente formulario. \ud83d\udcac Si desea m\u00e1s informaci\u00f3n o tiene alguna consulta, cont\u00e1ctenos aqu\u00ed. Pol\u00edtica de privacidad y anti-spam. La informaci\u00f3n [&hellip;]<\/p>\n","protected":false},"author":1,"featured_media":0,"parent":0,"menu_order":0,"comment_status":"closed","ping_status":"closed","template":"elementor_header_footer","meta":{"footnotes":""},"class_list":["post-167","page","type-page","status-publish","hentry"],"_links":{"self":[{"href":"https:\/\/camara-emisores.com\/01\/wp-json\/wp\/v2\/pages\/167","targetHints":{"allow":["GET"]}}],"collection":[{"href":"https:\/\/camara-emisores.com\/01\/wp-json\/wp\/v2\/pages"}],"about":[{"href":"https:\/\/camara-emisores.com\/01\/wp-json\/wp\/v2\/types\/page"}],"author":[{"embeddable":true,"href":"https:\/\/camara-emisores.com\/01\/wp-json\/wp\/v2\/users\/1"}],"replies":[{"embeddable":true,"href":"https:\/\/camara-emisores.com\/01\/wp-json\/wp\/v2\/comments?post=167"}],"version-history":[{"count":110,"href":"https:\/\/camara-emisores.com\/01\/wp-json\/wp\/v2\/pages\/167\/revisions"}],"predecessor-version":[{"id":1556,"href":"https:\/\/camara-emisores.com\/01\/wp-json\/wp\/v2\/pages\/167\/revisions\/1556"}],"wp:attachment":[{"href":"https:\/\/camara-emisores.com\/01\/wp-json\/wp\/v2\/media?parent=167"}],"curies":[{"name":"wp","href":"https:\/\/api.w.org\/{rel}","templated":true}]}}